{"id":4488,"date":"2021-06-03T16:34:15","date_gmt":"2021-06-03T14:34:15","guid":{"rendered":"https:\/\/www.commnjoy-communitymanager.fr\/?page_id=4488"},"modified":"2024-03-30T11:07:25","modified_gmt":"2024-03-30T09:07:25","slug":"masto-promotion-dun-album-de-musique-sur-internet","status":"publish","type":"page","link":"https:\/\/www.commnjoy-communitymanager.fr\/en\/masto-promotion-dun-album-de-musique-sur-internet\/","title":{"rendered":"mastO+ : community management pour la promotion d&rsquo;un album de musique sur les r\u00e9seaux sociaux Facebook et Instagram."},"content":{"rendered":"","protected":true},"excerpt":{"rendered":"","protected":true},"author":10,"featured_media":4498,"parent":0,"menu_order":0,"comment_status":"closed","ping_status":"closed","template":"","meta":{"_crdt_document":"","content-type":"","_monsterinsights_skip_tracking":false,"_monsterinsights_sitenote_active":false,"_monsterinsights_sitenote_note":"","_monsterinsights_sitenote_category":0,"ocean_post_layout":"","ocean_both_sidebars_style":"","ocean_both_sidebars_content_width":0,"ocean_both_sidebars_sidebars_width":0,"ocean_sidebar":"0","ocean_second_sidebar":"0","ocean_disable_margins":"enable","ocean_add_body_class":"","ocean_shortcode_before_top_bar":"","ocean_shortcode_after_top_bar":"","ocean_shortcode_before_header":"","ocean_shortcode_after_header":"","ocean_has_shortcode":"","ocean_shortcode_after_title":"","ocean_shortcode_before_footer_widgets":"","ocean_shortcode_after_footer_widgets":"","ocean_shortcode_before_footer_bottom":"","ocean_shortcode_after_footer_bottom":"","ocean_display_top_bar":"default","ocean_display_header":"default","ocean_header_style":"","ocean_center_header_left_menu":"0","ocean_custom_header_template":"0","ocean_custom_logo":0,"ocean_custom_retina_logo":0,"ocean_custom_logo_max_width":0,"ocean_custom_logo_tablet_max_width":0,"ocean_custom_logo_mobile_max_width":0,"ocean_custom_logo_max_height":0,"ocean_custom_logo_tablet_max_height":0,"ocean_custom_logo_mobile_max_height":0,"ocean_header_custom_menu":"0","ocean_menu_typo_font_family":"0","ocean_menu_typo_font_subset":"","ocean_menu_typo_font_size":0,"ocean_menu_typo_font_size_tablet":0,"ocean_menu_typo_font_size_mobile":0,"ocean_menu_typo_font_size_unit":"px","ocean_menu_typo_font_weight":"","ocean_menu_typo_font_weight_tablet":"","ocean_menu_typo_font_weight_mobile":"","ocean_menu_typo_transform":"","ocean_menu_typo_transform_tablet":"","ocean_menu_typo_transform_mobile":"","ocean_menu_typo_line_height":0,"ocean_menu_typo_line_height_tablet":0,"ocean_menu_typo_line_height_mobile":0,"ocean_menu_typo_line_height_unit":"","ocean_menu_typo_spacing":0,"ocean_menu_typo_spacing_tablet":0,"ocean_menu_typo_spacing_mobile":0,"ocean_menu_typo_spacing_unit":"","ocean_menu_link_color":"","ocean_menu_link_color_hover":"","ocean_menu_link_color_active":"","ocean_menu_link_background":"","ocean_menu_link_hover_background":"","ocean_menu_link_active_background":"","ocean_menu_social_links_bg":"","ocean_menu_social_hover_links_bg":"","ocean_menu_social_links_color":"","ocean_menu_social_hover_links_color":"","ocean_disable_title":"default","ocean_disable_heading":"default","ocean_post_title":"","ocean_post_subheading":"","ocean_post_title_style":"","ocean_post_title_background_color":"","ocean_post_title_background":0,"ocean_post_title_bg_image_position":"","ocean_post_title_bg_image_attachment":"","ocean_post_title_bg_image_repeat":"","ocean_post_title_bg_image_size":"","ocean_post_title_height":0,"ocean_post_title_bg_overlay":0.5,"ocean_post_title_bg_overlay_color":"","ocean_disable_breadcrumbs":"default","ocean_breadcrumbs_color":"","ocean_breadcrumbs_separator_color":"","ocean_breadcrumbs_links_color":"","ocean_breadcrumbs_links_hover_color":"","ocean_display_footer_widgets":"default","ocean_display_footer_bottom":"default","ocean_custom_footer_template":"0","footnotes":""},"class_list":["post-4488","page","type-page","status-publish","post-password-required","hentry","entry","has-media"],"yoast_head":"<!-- This site is optimized with the Yoast SEO plugin v27.5 - https:\/\/yoast.com\/product\/yoast-seo-wordpress\/ -->\n<title>Comm&#039;n&#039;joy - Social Media Manager freelance \u00e0 Paris<\/title>\n<meta name=\"description\" content=\"Community Management, Strat\u00e9gie Social Media, animation des r\u00e9seaux sociaux, promotion musique, community manager musique,\" \/>\n<meta name=\"robots\" content=\"index, follow, max-snippet:-1, max-image-preview:large, max-video-preview:-1\" \/>\n<link rel=\"canonical\" href=\"https:\/\/www.commnjoy-communitymanager.fr\/en\/masto-promotion-dun-album-de-musique-sur-internet\/\" \/>\n<meta property=\"og:locale\" content=\"en_GB\" \/>\n<meta property=\"og:type\" content=\"article\" \/>\n<meta property=\"og:title\" content=\"Comm&#039;n&#039;joy - Social Media Manager freelance \u00e0 Paris\" \/>\n<meta property=\"og:description\" content=\"Community Management, Strat\u00e9gie Social Media, animation des r\u00e9seaux sociaux, promotion musique, community manager musique,\" \/>\n<meta property=\"og:url\" content=\"https:\/\/www.commnjoy-communitymanager.fr\/en\/masto-promotion-dun-album-de-musique-sur-internet\/\" \/>\n<meta property=\"og:site_name\" content=\"Comm&#039;n&#039;joy community manager freelance\" \/>\n<meta property=\"article:publisher\" content=\"https:\/\/www.facebook.com\/Commnjoy\" \/>\n<meta property=\"article:modified_time\" content=\"2024-03-30T09:07:25+00:00\" \/>\n<meta name=\"twitter:card\" content=\"summary_large_image\" \/>\n<meta name=\"twitter:label1\" content=\"Estimated reading time\" \/>\n\t<meta name=\"twitter:data1\" content=\"3 minutes\" \/>\n<script type=\"application\/ld+json\" class=\"yoast-schema-graph\">{\"@context\":\"https:\\\/\\\/schema.org\",\"@graph\":[{\"@type\":\"WebPage\",\"@id\":\"https:\\\/\\\/www.commnjoy-communitymanager.fr\\\/masto-promotion-dun-album-de-musique-sur-internet\\\/\",\"url\":\"https:\\\/\\\/www.commnjoy-communitymanager.fr\\\/masto-promotion-dun-album-de-musique-sur-internet\\\/\",\"name\":\"Comm'n'joy - Social Media Manager freelance \u00e0 Paris\",\"isPartOf\":{\"@id\":\"https:\\\/\\\/www.commnjoy-communitymanager.fr\\\/#website\"},\"datePublished\":\"2021-06-03T14:34:15+00:00\",\"dateModified\":\"2024-03-30T09:07:25+00:00\",\"breadcrumb\":{\"@id\":\"https:\\\/\\\/www.commnjoy-communitymanager.fr\\\/masto-promotion-dun-album-de-musique-sur-internet\\\/#breadcrumb\"},\"inLanguage\":\"en-GB\"},{\"@type\":\"WebSite\",\"@id\":\"https:\\\/\\\/www.commnjoy-communitymanager.fr\\\/#website\",\"url\":\"https:\\\/\\\/www.commnjoy-communitymanager.fr\\\/\",\"name\":\"Comm&#039;n&#039;joy community manager freelance\",\"description\":\"Community Manager freelance Paris\",\"publisher\":{\"@id\":\"https:\\\/\\\/www.commnjoy-communitymanager.fr\\\/#organization\"},\"potentialAction\":[{\"@type\":\"SearchAction\",\"target\":{\"@type\":\"EntryPoint\",\"urlTemplate\":\"https:\\\/\\\/www.commnjoy-communitymanager.fr\\\/?s={search_term_string}\"},\"query-input\":{\"@type\":\"PropertyValueSpecification\",\"valueRequired\":true,\"valueName\":\"search_term_string\"}}],\"inLanguage\":\"en-GB\"},{\"@type\":\"Organization\",\"@id\":\"https:\\\/\\\/www.commnjoy-communitymanager.fr\\\/#organization\",\"name\":\"Comm'n'joy\",\"url\":\"https:\\\/\\\/www.commnjoy-communitymanager.fr\\\/\",\"logo\":{\"@type\":\"ImageObject\",\"inLanguage\":\"en-GB\",\"@id\":\"https:\\\/\\\/www.commnjoy-communitymanager.fr\\\/#\\\/schema\\\/logo\\\/image\\\/\",\"url\":\"https:\\\/\\\/i1.wp.com\\\/www.commnjoy-communitymanager.fr\\\/wp-content\\\/uploads\\\/2020\\\/12\\\/cropped-logo-commnjoy.png?fit=512%2C512&ssl=1\",\"contentUrl\":\"https:\\\/\\\/i1.wp.com\\\/www.commnjoy-communitymanager.fr\\\/wp-content\\\/uploads\\\/2020\\\/12\\\/cropped-logo-commnjoy.png?fit=512%2C512&ssl=1\",\"width\":512,\"height\":512,\"caption\":\"Comm'n'joy\"},\"image\":{\"@id\":\"https:\\\/\\\/www.commnjoy-communitymanager.fr\\\/#\\\/schema\\\/logo\\\/image\\\/\"},\"sameAs\":[\"https:\\\/\\\/www.facebook.com\\\/Commnjoy\",\"https:\\\/\\\/www.linkedin.com\\\/in\\\/pcop\\\/\",\"https:\\\/\\\/www.pinterest.fr\\\/JoySocialMediaManager\\\/\"]}]}<\/script>\n<!-- \/ Yoast SEO plugin. -->","yoast_head_json":{"title":"Comm'n'joy - Social Media Manager freelance \u00e0 Paris","description":"Community Management, Strat\u00e9gie Social Media, animation des r\u00e9seaux sociaux, promotion musique, community manager musique,","robots":{"index":"index","follow":"follow","max-snippet":"max-snippet:-1","max-image-preview":"max-image-preview:large","max-video-preview":"max-video-preview:-1"},"canonical":"https:\/\/www.commnjoy-communitymanager.fr\/en\/masto-promotion-dun-album-de-musique-sur-internet\/","og_locale":"en_GB","og_type":"article","og_title":"Comm'n'joy - Social Media Manager freelance \u00e0 Paris","og_description":"Community Management, Strat\u00e9gie Social Media, animation des r\u00e9seaux sociaux, promotion musique, community manager musique,","og_url":"https:\/\/www.commnjoy-communitymanager.fr\/en\/masto-promotion-dun-album-de-musique-sur-internet\/","og_site_name":"Comm&#039;n&#039;joy community manager freelance","article_publisher":"https:\/\/www.facebook.com\/Commnjoy","article_modified_time":"2024-03-30T09:07:25+00:00","twitter_card":"summary_large_image","twitter_misc":{"Estimated reading time":"3 minutes"},"schema":{"@context":"https:\/\/schema.org","@graph":[{"@type":"WebPage","@id":"https:\/\/www.commnjoy-communitymanager.fr\/masto-promotion-dun-album-de-musique-sur-internet\/","url":"https:\/\/www.commnjoy-communitymanager.fr\/masto-promotion-dun-album-de-musique-sur-internet\/","name":"Comm'n'joy - Social Media Manager freelance \u00e0 Paris","isPartOf":{"@id":"https:\/\/www.commnjoy-communitymanager.fr\/#website"},"datePublished":"2021-06-03T14:34:15+00:00","dateModified":"2024-03-30T09:07:25+00:00","breadcrumb":{"@id":"https:\/\/www.commnjoy-communitymanager.fr\/masto-promotion-dun-album-de-musique-sur-internet\/#breadcrumb"},"inLanguage":"en-GB"},{"@type":"WebSite","@id":"https:\/\/www.commnjoy-communitymanager.fr\/#website","url":"https:\/\/www.commnjoy-communitymanager.fr\/","name":"Comm&#039;n&#039;joy community manager freelance","description":"Community Manager freelance Paris","publisher":{"@id":"https:\/\/www.commnjoy-communitymanager.fr\/#organization"},"potentialAction":[{"@type":"SearchAction","target":{"@type":"EntryPoint","urlTemplate":"https:\/\/www.commnjoy-communitymanager.fr\/?s={search_term_string}"},"query-input":{"@type":"PropertyValueSpecification","valueRequired":true,"valueName":"search_term_string"}}],"inLanguage":"en-GB"},{"@type":"Organization","@id":"https:\/\/www.commnjoy-communitymanager.fr\/#organization","name":"Comm'n'joy","url":"https:\/\/www.commnjoy-communitymanager.fr\/","logo":{"@type":"ImageObject","inLanguage":"en-GB","@id":"https:\/\/www.commnjoy-communitymanager.fr\/#\/schema\/logo\/image\/","url":"https:\/\/i1.wp.com\/www.commnjoy-communitymanager.fr\/wp-content\/uploads\/2020\/12\/cropped-logo-commnjoy.png?fit=512%2C512&ssl=1","contentUrl":"https:\/\/i1.wp.com\/www.commnjoy-communitymanager.fr\/wp-content\/uploads\/2020\/12\/cropped-logo-commnjoy.png?fit=512%2C512&ssl=1","width":512,"height":512,"caption":"Comm'n'joy"},"image":{"@id":"https:\/\/www.commnjoy-communitymanager.fr\/#\/schema\/logo\/image\/"},"sameAs":["https:\/\/www.facebook.com\/Commnjoy","https:\/\/www.linkedin.com\/in\/pcop\/","https:\/\/www.pinterest.fr\/JoySocialMediaManager\/"]}]}},"jetpack-related-posts":[{"id":1005,"url":"https:\/\/www.commnjoy-communitymanager.fr\/en\/services-strategie-social-media-community-manager\/services-community-management-animation-reseaux-sociaux\/","url_meta":{"origin":4488,"position":0},"title":"Community Management","author":"CommnjoySocialMedia","date":"December 11, 2020","format":false,"excerpt":"\u00a0Comm'n'joy Community Manager freelance ANIMATION, R\u00c9DACTION DE CONTENUs SEO, VEILLE DES R\u00c9SEAUX SOCIAUX, analyses des kpis. MES SERVICES EN COMMUNITY MANAGEMENT ET EN ANIMATION DES R\u00c9SEAUX SOCIAUX. Le Community Management et l'animation des r\u00e9seaux sociaux est en constante \u00e9volution. Saviez vous que les marketeurs BtoB privil\u00e9gient nettement LinkedIn (94%), loin\u2026","rel":"","context":"Similar post","block_context":{"text":"Similar post","link":""},"img":{"alt_text":"commnjoy community manager freelance paris services community management","src":"https:\/\/i0.wp.com\/www.commnjoy-communitymanager.fr\/wp-content\/uploads\/2020\/12\/animation-re%CC%81seaux-sociaux.jpg?fit=1200%2C800&ssl=1&resize=350%2C200","width":350,"height":200,"srcset":"https:\/\/i0.wp.com\/www.commnjoy-communitymanager.fr\/wp-content\/uploads\/2020\/12\/animation-re%CC%81seaux-sociaux.jpg?fit=1200%2C800&ssl=1&resize=350%2C200 1x, https:\/\/i0.wp.com\/www.commnjoy-communitymanager.fr\/wp-content\/uploads\/2020\/12\/animation-re%CC%81seaux-sociaux.jpg?fit=1200%2C800&ssl=1&resize=525%2C300 1.5x, https:\/\/i0.wp.com\/www.commnjoy-communitymanager.fr\/wp-content\/uploads\/2020\/12\/animation-re%CC%81seaux-sociaux.jpg?fit=1200%2C800&ssl=1&resize=700%2C400 2x, https:\/\/i0.wp.com\/www.commnjoy-communitymanager.fr\/wp-content\/uploads\/2020\/12\/animation-re%CC%81seaux-sociaux.jpg?fit=1200%2C800&ssl=1&resize=1050%2C600 3x"},"classes":[]},{"id":1964,"url":"https:\/\/www.commnjoy-communitymanager.fr\/en\/portfolio-community-manager\/portfolio-community-manager-discours-de-marque-luxe\/","url_meta":{"origin":4488,"position":1},"title":"Discours de marque, luxe","author":"CommnjoySocialMedia","date":"December 19, 2020","format":false,"excerpt":"Comm'n'joy Community Manager freelance M.X Paris - Maxime Simo\u00ebnsDiscours de Marque, luxe. Animer une communaut\u00e9 avec un discours de marque, secteur luxe. M.X Paris Collection Night Dream M.X Paris Maxime Simo\u00ebns Univers M.X Paris Pr\u00e9sentation Maxime Simo\u00ebns : pr\u00eat \u00e0 porter de luxe pour hommes. MX Paris\u00a0Maxime Sim\u00f6ens est une\u2026","rel":"","context":"Similar post","block_context":{"text":"Similar post","link":""},"img":{"alt_text":"commnjoy-community-manager-portfolio-MX-Paris","src":"https:\/\/i0.wp.com\/www.commnjoy-communitymanager.fr\/wp-content\/uploads\/2020\/12\/commnjoy-community-manager-portfolio-animation.png?fit=940%2C788&ssl=1&resize=350%2C200","width":350,"height":200,"srcset":"https:\/\/i0.wp.com\/www.commnjoy-communitymanager.fr\/wp-content\/uploads\/2020\/12\/commnjoy-community-manager-portfolio-animation.png?fit=940%2C788&ssl=1&resize=350%2C200 1x, https:\/\/i0.wp.com\/www.commnjoy-communitymanager.fr\/wp-content\/uploads\/2020\/12\/commnjoy-community-manager-portfolio-animation.png?fit=940%2C788&ssl=1&resize=525%2C300 1.5x, https:\/\/i0.wp.com\/www.commnjoy-communitymanager.fr\/wp-content\/uploads\/2020\/12\/commnjoy-community-manager-portfolio-animation.png?fit=940%2C788&ssl=1&resize=700%2C400 2x"},"classes":[]},{"id":1515,"url":"https:\/\/www.commnjoy-communitymanager.fr\/en\/portfolio-community-manager\/portofolio-charte-editoriale\/","url_meta":{"origin":4488,"position":2},"title":"blune Paris &#8211; Cr\u00e9er une Charte \u00c9ditoriale","author":"CommnjoySocialMedia","date":"December 16, 2020","format":false,"excerpt":"Comm'n'joy Community Manager freelance blune Paris Cr\u00e9ation d'une Charte \u00e9ditoriale, d'un calendrier de diffusion et d'articles de blog pour tenir un discours de marque. L'univers de la marque blune. blune Paris est une marque de v\u00eatements de qualit\u00e9\u00a0\u00e9co-responsable pour la m\u00e8re et la fille\u00a0ax\u00e9e sur le Poetic Design et le\u2026","rel":"","context":"Similar post","block_context":{"text":"Similar post","link":""},"img":{"alt_text":"community manager freelance portfolio","src":"https:\/\/i0.wp.com\/www.commnjoy-communitymanager.fr\/wp-content\/uploads\/2020\/12\/blune-paris-ve%CC%82tements-commnjoy.png?fit=474%2C473&ssl=1&resize=350%2C200","width":350,"height":200},"classes":[]},{"id":887,"url":"https:\/\/www.commnjoy-communitymanager.fr\/en\/","url_meta":{"origin":4488,"position":3},"title":"ACCUEIL","author":"CommnjoySocialMedia","date":"December 10, 2020","format":false,"excerpt":"COMM'N'JOY social media : STRAT\u00c9GIE DIGITALE \u00c0 SUCC\u00c8S ! Social Media Strategist, sp\u00e9cialiste audits, optimisation SEO et conversion.Formatrice aux r\u00e9seaux sociaux freelance \u00e0 Paris. En Savoir plus me contacter SOCIAL MEDIA MANAGER, EXPERT SEO ET FORMATRICE AUX R\u00c9SEAUX SOCIAUX. Bienvenue sur mon site de Social Media manager freelance \u00e0 Paris.\u2026","rel":"","context":"Similar post","block_context":{"text":"Similar post","link":""},"img":{"alt_text":"ordinateur ouvert et personne qui tape sur le clavierr pour illustrer ma page de services en community management et animation des r\u00e9seaux sociaux","src":"https:\/\/i0.wp.com\/www.commnjoy-communitymanager.fr\/wp-content\/uploads\/2024\/12\/community-manager-freelance-animation-reseaux-sociaux.jpg?fit=640%2C452&ssl=1&resize=350%2C200","width":350,"height":200,"srcset":"https:\/\/i0.wp.com\/www.commnjoy-communitymanager.fr\/wp-content\/uploads\/2024\/12\/community-manager-freelance-animation-reseaux-sociaux.jpg?fit=640%2C452&ssl=1&resize=350%2C200 1x, https:\/\/i0.wp.com\/www.commnjoy-communitymanager.fr\/wp-content\/uploads\/2024\/12\/community-manager-freelance-animation-reseaux-sociaux.jpg?fit=640%2C452&ssl=1&resize=525%2C300 1.5x"},"classes":[]},{"id":2042,"url":"https:\/\/www.commnjoy-communitymanager.fr\/en\/portfolio-community-manager\/portfolio-community-manager-campagne-adwords\/","url_meta":{"origin":4488,"position":4},"title":"Am\u00e9liorer le Trafic sur site et l&rsquo;e-notori\u00e9t\u00e9 avec Adwords","author":"CommnjoySocialMedia","date":"December 20, 2020","format":false,"excerpt":"Comm'n'joy Community Manager freelance H\u00f4tel du Louvre - Hyatt. D\u00c9VELOPPER LA NOTORI\u00c9T\u00c9 ET LE TRAFIC D'UN SITE H\u00d4TELIER AVEC UNE CAMPAGNE ADWORDS. Pr\u00e9sentation du projet. Command\u00e9 par Napol\u00e9on III, l\u2019H\u00f4tel du Louvre\u00a0 attire une client\u00e8le haut de gamme europ\u00e9enne et internationale, en s\u00e9jours d'agr\u00e9ment. Elle le privil\u00e9gie pour sa localisation\u2026","rel":"","context":"Similar post","block_context":{"text":"Similar post","link":""},"img":{"alt_text":"Commnjoy Community Manager freelance accueil projets h\u00f4tel du Louvre","src":"https:\/\/i0.wp.com\/www.commnjoy-communitymanager.fr\/wp-content\/uploads\/2020\/12\/hyatt-hotel-du-louvre-logo.jpg?fit=545%2C250&ssl=1&resize=350%2C200","width":350,"height":200,"srcset":"https:\/\/i0.wp.com\/www.commnjoy-communitymanager.fr\/wp-content\/uploads\/2020\/12\/hyatt-hotel-du-louvre-logo.jpg?fit=545%2C250&ssl=1&resize=350%2C200 1x, https:\/\/i0.wp.com\/www.commnjoy-communitymanager.fr\/wp-content\/uploads\/2020\/12\/hyatt-hotel-du-louvre-logo.jpg?fit=545%2C250&ssl=1&resize=525%2C300 1.5x"},"classes":[]},{"id":6795,"url":"https:\/\/www.commnjoy-communitymanager.fr\/en\/portfolio-community-manager\/visibilite-instagram-facebook-crowdfunding-community-manager-portfolio\/","url_meta":{"origin":4488,"position":5},"title":"\u00ab Un Monde sans enfants \u00bb, podcast \u2014 visibilit\u00e9 sur Instagram et campagne de Crowdfunding.","author":"CommnjoySocialMedia","date":"March 27, 2026","format":false,"excerpt":"Comm'n'joy Social Media Strategist freelance Podcast et documentaire : visibilit\u00e9 sur les r\u00e9seaux sociaux et e-mailing pour r\u00e9ussir un Crowdfunding. Animation d'Instagram, Facebook et posts cibl\u00e9s LinkedIn pour la visibilit\u00e9 du podcast \u00abUn Monde Sans Enfants \u00bb Saison 1 et 2. Contexte social media et podcast, documentaire et crowdfunding Un\u2026","rel":"","context":"Similar post","block_context":{"text":"Similar post","link":""},"img":{"alt_text":"Logo du podcast un monde sans enfants pour l'animation du compte Instagram du podcast pr commjoy social media","src":"https:\/\/i0.wp.com\/www.commnjoy-communitymanager.fr\/wp-content\/uploads\/2026\/03\/EN2vz6H0xMWxLiRCsL0SDU6UsM0S3NCaaMF6zGwFWn_400x400.jpeg?fit=400%2C400&ssl=1&resize=350%2C200","width":350,"height":200},"classes":[]}],"jetpack_sharing_enabled":true,"_links":{"self":[{"href":"https:\/\/www.commnjoy-communitymanager.fr\/en\/wp-json\/wp\/v2\/pages\/4488","targetHints":{"allow":["GET"]}}],"collection":[{"href":"https:\/\/www.commnjoy-communitymanager.fr\/en\/wp-json\/wp\/v2\/pages"}],"about":[{"href":"https:\/\/www.commnjoy-communitymanager.fr\/en\/wp-json\/wp\/v2\/types\/page"}],"author":[{"embeddable":true,"href":"https:\/\/www.commnjoy-communitymanager.fr\/en\/wp-json\/wp\/v2\/users\/10"}],"replies":[{"embeddable":true,"href":"https:\/\/www.commnjoy-communitymanager.fr\/en\/wp-json\/wp\/v2\/comments?post=4488"}],"version-history":[{"count":7,"href":"https:\/\/www.commnjoy-communitymanager.fr\/en\/wp-json\/wp\/v2\/pages\/4488\/revisions"}],"predecessor-version":[{"id":5441,"href":"https:\/\/www.commnjoy-communitymanager.fr\/en\/wp-json\/wp\/v2\/pages\/4488\/revisions\/5441"}],"wp:featuredmedia":[{"embeddable":true,"href":"https:\/\/www.commnjoy-communitymanager.fr\/en\/wp-json\/wp\/v2\/media\/4498"}],"wp:attachment":[{"href":"https:\/\/www.commnjoy-communitymanager.fr\/en\/wp-json\/wp\/v2\/media?parent=4488"}],"curies":[{"name":"wp","href":"https:\/\/api.w.org\/{rel}","templated":true}]}}